{"id":3233,"date":"2024-11-13T15:25:48","date_gmt":"2024-11-13T14:25:48","guid":{"rendered":"https:\/\/rangee2024.rangee.com\/privacy-policy\/"},"modified":"2025-01-14T14:26:38","modified_gmt":"2025-01-14T13:26:38","slug":"privacy-policy","status":"publish","type":"page","link":"https:\/\/rangee.com\/en\/privacy-policy\/","title":{"rendered":"Privacy policy"},"content":{"rendered":"&#13;\n<h1 class=\"wp-block-heading\">\u00a0<\/h1>&#13;\n&#13;\n<p><strong>General note and mandatory information<\/strong><\/p>&#13;\n&#13;\n<p><strong>Designation of the responsible entity<\/strong><\/p>&#13;\n&#13;\n<p>The controller responsible for data processing on this website is:<\/p>&#13;\n&#13;\n<p>Rangee GmbH<br\/>Ulrich Mertz<br\/>Gut-D\u00e4mme-Str. 11<br\/>52070 Aachen <\/p>&#13;\n&#13;\n<p>The controller decides alone or jointly with others on the purposes and means of processing personal data (e.g. names, contact details, etc.).<\/p>&#13;\n&#13;\n<p><strong>Revocation of your consent to data processing<\/strong><\/p>&#13;\n&#13;\n<p>Some data processing operations are only possible with your express consent. You can withdraw your consent at any time. An informal notification by e-mail is sufficient for the revocation. The legality of the data processing carried out until the revocation remains unaffected by the revocation.   <\/p>&#13;\n&#13;\n<p><strong>Right to lodge a complaint with the competent supervisory authority<\/strong><\/p>&#13;\n&#13;\n<p>As a data subject, you have the right to lodge a complaint with the competent supervisory authority in the event of a breach of data protection law. The competent supervisory authority for data protection issues is the state data protection officer of the federal state in which our company is based. The following link provides a list of data protection officers and their contact details: <a href=\"\" target=\"\" rel=\"\">https:\/\/www.bfdi.bund.de\/DE\/Infothek\/Anschriften_Links\/anschriften_links-node.html<\/a>.  <\/p>&#13;\n&#13;\n<p><strong>Right to data portability<\/strong><\/p>&#13;\n&#13;\n<p>You have the right to have data that we process automatically on the basis of your consent or in fulfillment of a contract handed over to you or to third parties. The data will be provided in a machine-readable format. If you request the direct transfer of the data to another controller, this will only take place if it is technically feasible.  <\/p>&#13;\n&#13;\n<p><strong>Right to information, correction, blocking, deletion<\/strong><\/p>&#13;\n&#13;\n<p>You have the right to free information about your stored personal data, the origin of the data, its recipients and the purpose of the data processing and, if necessary, a right to correction, blocking or deletion of this data at any time within the framework of the applicable legal provisions. You can contact us at any time using the contact options listed in the legal notice if you have any further questions on the subject of personal data. <\/p>&#13;\n&#13;\n<p><strong>SSL and TLS encryption<\/strong><\/p>&#13;\n&#13;\n<p>For security reasons and to protect the transmission of confidential content that you send to us as the site operator, our website uses SSL or TLS encryption. This means that data that you transmit via this website cannot be read by third parties. You can recognize an encrypted connection by the \u201chttps:\/\/\u201d address line of your browser and the lock symbol in the browser line.   <\/p>&#13;\n&#13;\n<p><strong>Data Protection Officer<\/strong><\/p>&#13;\n&#13;\n<p>We have appointed a data protection officer.<\/p>&#13;\n&#13;\n<p>Ulrich Mertz<br\/>Gut-D\u00e4mme-Str. 11<br\/>52070 Aachen <\/p>&#13;\n&#13;\n<p>Telefon: 0241-9972850<br\/>E-Mail: <a href=\"mailto:umertz@rangee.com\">umertz@rangee.com<\/a><\/p>&#13;\n&#13;\n<p><strong>Server-Log-Files<\/strong><\/p>&#13;\n&#13;\n<p>The website provider automatically collects and stores information that your browser automatically transmits to us in server log files. These are: <\/p>&#13;\n\r\n<ul class=\"wp-block-list\">&#13;\n<li>Visited page on our domain<\/li>&#13;\n\r\n\r\n&#13;\n<li>Date and time of the server request<\/li>&#13;\n\r\n\r\n&#13;\n<li>Browser type and browser version<\/li>&#13;\n\r\n\r\n&#13;\n<li>Operating system used<\/li>&#13;\n\r\n\r\n&#13;\n<li>Referrer URL<\/li>&#13;\n\r\n\r\n&#13;\n<li>Host name of the accessing computer<\/li>&#13;\n\r\n\r\n&#13;\n<li>IP-Adress<\/li>&#13;\n<\/ul>\r\n&#13;\n<p>This data is not merged with other data sources. The basis for data processing is Art. 6 para. 1 lit. b GDPR, which permits the processing of data for the fulfillment of a contract or pre-contractual measures.   <\/p>&#13;\n&#13;\n<p><strong>Data transmission upon conclusion of a contract for the purchase and shipment of goods<\/strong><\/p>&#13;\n&#13;\n<p>Personal data will only be transmitted to third parties if this is necessary in the context of contract processing. Third parties may be, for example, payment service providers or logistics companies. Any further transmission of data will not take place or will only take place if you have expressly consented to this.  <\/p>&#13;\n&#13;\n<p>The basis for data processing is Art. 6 para. 1 lit. b GDPR, which permits the processing of data for the fulfillment of a contract or pre-contractual measures.  <\/p>&#13;\n&#13;\n<p><strong>Registration on this website<\/strong><\/p>&#13;\n&#13;\n<p>You can register on our website to use certain functions. The data transmitted is used exclusively for the purpose of using the respective offer or service. Mandatory information requested during registration must be provided in full. Otherwise we will reject the registration.   <\/p>&#13;\n&#13;\n<p>In the event of important changes, for example for technical reasons, we will inform you by e-mail. The e-mail will be sent to the address provided during registration. <\/p>&#13;\n&#13;\n<p>The processing of the data entered during registration is based on your consent (Art. 6 para. 1 lit. a GDPR). You can withdraw your consent at any time. An informal notification by e-mail is sufficient for the revocation. The legality of the data processing that has already taken place remains unaffected by the revocation.   <\/p>&#13;\n&#13;\n<p>We store the data collected during registration for the period that you are registered on our website. Your data will be deleted if you cancel your registration. Statutory retention periods remain unaffected.  <\/p>&#13;\n&#13;\n<p><strong>Contact form<\/strong><\/p>&#13;\n&#13;\n<p>Data transmitted via the contact form, including your contact details, will be stored in order to process your request or to be available for follow-up questions. This data will not be passed on without your consent. <\/p>&#13;\n&#13;\n<p>The data entered in the contact form is processed exclusively on the basis of your consent (Art. 6 para. 1 lit. a GDPR). You can withdraw your consent at any time. An informal notification by e-mail is sufficient for revocation. The legality of the data processing operations carried out until the revocation remains unaffected by the revocation.   <\/p>&#13;\n&#13;\n<p>Data submitted via the contact form will remain with us until you request its deletion, revoke your consent to store it, or the purpose for storing the data no longer applies. Mandatory legal provisions\u2014particularly retention periods\u2014remain unaffected. <\/p>&#13;\n&#13;\n<p><strong>Newsletter data<\/strong><\/p>&#13;\n&#13;\n<p>We require an e-mail address from you in order to send you our newsletter. Verification of the e-mail address provided is necessary and you must consent to receiving the newsletter. Additional data is not collected or is voluntary.<br\/>The data is used exclusively for sending the newsletter.  <\/p>&#13;\n&#13;\n<p>The data provided during newsletter registration is processed solely on the basis of your consent (Art. 6(1)(a) GDPR). You may revoke your consent at any time. An informal email is sufficient for revocation, or you can unsubscribe via the \u201cUnsubscribe\u201d link in the newsletter. The legality of data processing carried out before the revocation remains unaffected.   <\/p>&#13;\n&#13;\n<p>Data entered to set up the subscription will be deleted if you unsubscribe. If this data has been transmitted to us for other purposes and elsewhere, it will remain with us. <\/p>&#13;\n&#13;\n<p><strong>YouTube<\/strong><\/p>&#13;\n&#13;\n<p>Our website uses plugins from YouTube to integrate and display video content. The provider of the video portal is YouTube, LLC, 901 Cherry Ave, San Bruno, CA 94066, USA.<\/p>&#13;\n&#13;\n<p>Bei Aufruf einer Seite mit integriertem YouTube-Plugin wird eine Verbindung zu den Servern von YouTube hergestellt. YouTube erf\u00e4hrt hierdurch, welche unserer Seiten Sie aufgerufen haben. <\/p>&#13;\n&#13;\n<p>YouTube can assign your surfing behavior directly to your personal profile if you are logged into your YouTube account. You can prevent this by logging out beforehand. <\/p>&#13;\n&#13;\n<p>The use of YouTube is in the interest of an appealing presentation of our online offers. This constitutes a legitimate interest within the meaning of Art. 6 para. 1 lit. f GDPR.   <\/p>&#13;\n&#13;\n<p>Details on the handling of user data can be found in YouTube&#8217;s privacy policy at: <a href=\"https:\/\/www.google.de\/intl\/de\/policies\/privacy\">https:\/\/www.google.de\/intl\/de\/policies\/privacy.<\/a><\/p>&#13;\n&#13;\n<p><strong>Cookies<\/strong><\/p>&#13;\n&#13;\n<p>Our website uses cookies. These are small text files that your web browser stores on your end device. Cookies help us to make our website more user-friendly, effective and secure.  <\/p>&#13;\n&#13;\n<p>Some cookies are \u201csession cookies\u201d. Such cookies are deleted automatically at the end of your browser session. Other cookies, on the other hand, remain on your device until you delete them yourself. Such cookies help us to recognize you when you return to<br\/>recognize you when you return to our website.   <\/p>&#13;\n&#13;\n<p>With a modern web browser, you can monitor, restrict or prevent the setting of cookies. Many web browsers can be configured so that cookies are deleted automatically when the program is closed. The deactivation of cookies<br\/>may result in limited functionality of our website.  <\/p>&#13;\n&#13;\n<p>The setting of cookies, which are necessary for the exercise of electronic communication processes or the provision of certain functions desired by you (e.g. shopping cart), takes place on the basis of Art. 6 para. 1 lit. f GDPR. As the operator of this<br\/>website, we have a legitimate interest in the storage of cookies for the technically error-free and smooth provision of our services. If other cookies are set (e.g. for analysis functions), these are dealt with separately in this<br\/>privacy policy separately.    <\/p>&#13;\n&#13;\n<p>To manage the cookies and similar technologies in use (tracking pixels, web beacons, etc.) and the related consents, we use the consent tool \u201cReal Cookie Banner.\u201d Details on how \u201cReal Cookie Banner\u201d functions can be found at <a href=\"https:\/\/devowl.io\/de\/rcb\/datenverarbeitung\" target=\"_blank\" rel=\"noreferrer noopener\">https:\/\/devowl.io\/de\/rcb\/datenverarbeitung<\/a>. <\/p>&#13;\n&#13;\n<p>The legal basis for the processing of personal data in this context is Art. 6 para. 1 lit. c GDPR and Art. 6 para. 1 lit. f GDPR. Our legitimate interest is the management of the cookies and similar technologies used and the related consents.     <\/p>&#13;\n&#13;\n<p>The provision of personal data is neither contractually required nor necessary for the conclusion of a contract. You are not obliged to provide the personal data. If you do not provide the personal data, we will not be able to manage your consent.  <\/p>&#13;\n&#13;\n<p><strong>PayPal<\/strong><\/p>&#13;\n&#13;\n<p>Our website enables payment via PayPal.The provider of the payment service is PayPal (Europe) S.\u00e0.r.l. et Cie, S.C.A., 22-24 Boulevard Royal, L-2449 Luxembourg.<\/p>&#13;\n&#13;\n<p>If you pay with PayPal, the payment data you enter will be transmitted to PayPal.<\/p>&#13;\n&#13;\n<p>The transmission of your data to PayPal is based on Art. 6 para. 1 lit. a GDPR (consent) and Art. 6 para. 1 lit. b GDPR (processing for the performance of a contract). You can withdraw your consent at any time.<br\/>Data processing operations carried out in the past remain effective in the event of a revocation.     <\/p>&#13;\n&#13;\n<p><strong>Google Web Fonts<\/strong><\/p>&#13;\n&#13;\n<p>Our website uses web fonts from Google. The provider is Google Inc, 1600 Amphitheatre Parkway, Mountain View, CA 94043, USA.<\/p>&#13;\n&#13;\n<p>By using these web fonts, it is possible for us to present you with the desired presentation of our website, regardless of which fonts are available to you locally. This is done by retrieving the Google Web Fonts from a Google server in the USA and the associated transfer of your data to Google. This involves your IP address and which of our pages you have visited. The use of Google Web Fonts is based on Art. 6 para. 1 lit. f GDPR. As the operator of this website, we have a legitimate interest in the optimal presentation and transmission of our website.      <\/p>&#13;\n&#13;\n<p>The company Google is certified under the U.S.-European data privacy agreement known as the &#8220;Privacy Shield.&#8221; This data privacy agreement is intended to ensure compliance with the level of data protection applicable in the EU. <\/p>&#13;\n&#13;\n<p>Details about Google Web Fonts can be found at: <a href=\"https:\/\/www.google.com\/fonts#AboutPlace:about\">https:\/\/www.google.com\/fonts#AboutPlace:about<\/a> and further information in Google&#8217;s privacy policy: <a href=\"https:\/\/policies.google.com\/privacy\/partners?hl=de\">https:\/\/policies.google.com\/privacy\/partners?hl=de<\/a><\/p>&#13;\n&#13;\n<p><strong>Telemetry and Error Reporting<\/strong><\/p>&#13;\n<ol>&#13;\n<li>Zweck der Telemetrie und Fehlerberichterstattung<br\/>Wir stellen eine optionale Funktion f\u00fcr Telemetrie und Fehlerberichterstattung bereit, um Probleme zu diagnostizieren, unsere Produkte zu verbessern und das Benutzererlebnis zu optimieren. Durch die freiwillige Teilnahme k\u00f6nnen unsere Entwicklerteams Fehler schneller erkennen, Abst\u00fcrze reduzieren und die Funktionalit\u00e4t anhand der von zustimmenden Nutzern bereitgestellten Informationen optimieren.<\/li>&#13;\n<li>Arten der erhobenen Daten&#13;\n<ol>&#13;\n<li>Boot-UUID<br\/>Jedes Ger\u00e4t erzeugt bei jedem Start eine eindeutige Boot-UUID. Diese UUID identifiziert weder das Ger\u00e4t noch den Nutzer pers\u00f6nlich, erm\u00f6glicht uns jedoch, Fehler zu gruppieren, die w\u00e4hrend desselben Systemstarts auftreten.<br\/>Nach einem Neustart des Ger\u00e4ts wird eine neue Boot-UUID generiert.<br\/>Wir verkn\u00fcpfen diese UUIDs nicht mit pers\u00f6nlichen Informationen, Benutzerkonten oder anderen potenziell identifizierenden Daten.<\/li>&#13;\n<li>Automatische Filterung potenziell sensibler Felder<br\/>Um Ihre Privatsph\u00e4re zu sch\u00fctzen, filtert unser Telemetrie- und Fehlerberichterstattungssystem automatisch alle Felder (aus s\u00e4mtlichen Kontextfeldern), die sensible oder identifizierbare Informationen enthalten k\u00f6nnten. Jedes Feld, das einen der folgenden Schl\u00fcsselbegriffe enth\u00e4lt oder mit diesem \u00fcbereinstimmt, wird vor dem Versand an unsere Server ausgeschlossen:<br\/>activationkey, auth, bssid, certificate, client_id, cookie, cred, dns, domain, essid, fingerprint, gateway, host, imei, ip, key, license, pass, pin, private, pw, rlp, secret, serial, server, session, ssid, token, uri, url, user, vpn<\/li>&#13;\n<li>MAC-Adressen-Masking<br\/>MAC-Adressen werden vor dem Versand an unsere Server maskiert.<br\/>Die ersten vier Bl\u00f6cke der MAC-Adresse werden ersetzt, damit die urspr\u00fcngliche Adresse nicht rekonstruiert oder zur Identifizierung Ihres Ger\u00e4ts verwendet werden kann.<\/li>&#13;\n<li>Informationen bei Fehlern (Ausnahmen)<br\/>Wenn eine Ausnahme auftritt, erfassen wir relevante Informationen zu dem Fehler sowie Protokolleintr\u00e4ge (Logs), die unmittelbar vor der Ausnahme aufgezeichnet wurden.<br\/>Diese Logs unterliegen denselben automatischen Filtermechanismen, bevor Daten an unsere Server \u00fcbermittelt werden.<\/li>&#13;\n<\/ol>&#13;\n<\/li>&#13;\n<li>Datenspeicherung und -aufbewahrung<br\/>Telemetrie- und Fehlerberichte werden in sicheren Systemen gespeichert, auf die nur autorisierte Mitarbeiter*innen Zugriff haben.<br\/>Wir bewahren diese Daten so lange auf, wie es zur Fehlerdiagnose und Verbesserung der Produktstabilit\u00e4t erforderlich ist. Anschlie\u00dfend k\u00f6nnen sie f\u00fcr statistische Analysen zusammengefasst werden.<\/li>&#13;\n<li>Verwendung der erhobenen Daten<br\/>Wir nutzen die erhobenen Daten, um Trends zu analysieren, Fehler zu diagnostizieren und die Stabilit\u00e4t des Produkts zu verbessern.<br\/>Wir verwenden Telemetrie- oder Fehlerberichtsdaten nicht, um einzelne Nutzer zu profilieren, zu vermarkten oder gezielt anzusprechen.<br\/>Aggregierte Daten (z. B. H\u00e4ufigkeit von Abst\u00fcrzen, Leistungskennzahlen) k\u00f6nnen analysiert werden, damit unser Entwicklungsteam die Zuverl\u00e4ssigkeit des Produkts besser verstehen und steigern k\u00f6nnen.<\/li>&#13;\n<li>Ihre Entscheidung zur Teilnahme (Opt-In)<br\/>Telemetrie und Fehlerberichterstattung sind standardm\u00e4\u00dfig deaktiviert. Es werden keine Daten erhoben, es sei denn, Sie aktivieren diese Funktion.<br\/>Obwohl die Teilnahme v\u00f6llig freiwillig ist, hilft das Aktivieren der Telemetrie- und Fehlerberichterstattung dabei, Probleme schneller zu erkennen, zu diagnostizieren und zu beheben. Dies tr\u00e4gt letztlich zur Verbesserung des Produkts f\u00fcr Sie und andere Nutzer bei.<\/li>&#13;\n<\/ol>&#13;\n<p>If you have any questions or concerns about our telemetry and error reporting practices, please contact us at info@rangee.com. We remain dedicated to transparency and the protection of your privacy. <\/p>&#13;\n&#13;\n<p>\u00a0<\/p>&#13;\n","protected":false},"excerpt":{"rendered":"<p>&#13; \u00a0 &#13; &#13; General note and mandatory information &#13; &#13; Designation of the responsible entity &#13; &#13; The controller responsible for data processing on this website is: &#13; &#13; Rangee GmbHUlrich MertzGut-D\u00e4mme-Str. 1152070 Aachen &#13; &#13; The controller decides alone or jointly with others on the purposes and means of processing personal data (e.g. [&hellip;]<\/p>\n","protected":false},"author":1,"featured_media":0,"parent":0,"menu_order":0,"comment_status":"closed","ping_status":"closed","template":"","meta":{"_et_pb_use_builder":"off","_et_pb_old_content":"","_et_gb_content_width":"","footnotes":""},"class_list":["post-3233","page","type-page","status-publish","hentry"],"_links":{"self":[{"href":"https:\/\/rangee.com\/en\/wp-json\/wp\/v2\/pages\/3233","targetHints":{"allow":["GET"]}}],"collection":[{"href":"https:\/\/rangee.com\/en\/wp-json\/wp\/v2\/pages"}],"about":[{"href":"https:\/\/rangee.com\/en\/wp-json\/wp\/v2\/types\/page"}],"author":[{"embeddable":true,"href":"https:\/\/rangee.com\/en\/wp-json\/wp\/v2\/users\/1"}],"replies":[{"embeddable":true,"href":"https:\/\/rangee.com\/en\/wp-json\/wp\/v2\/comments?post=3233"}],"version-history":[{"count":2,"href":"https:\/\/rangee.com\/en\/wp-json\/wp\/v2\/pages\/3233\/revisions"}],"predecessor-version":[{"id":3690,"href":"https:\/\/rangee.com\/en\/wp-json\/wp\/v2\/pages\/3233\/revisions\/3690"}],"wp:attachment":[{"href":"https:\/\/rangee.com\/en\/wp-json\/wp\/v2\/media?parent=3233"}],"curies":[{"name":"wp","href":"https:\/\/api.w.org\/{rel}","templated":true}]}}